{"id":88,"date":"2024-03-09T05:59:18","date_gmt":"2024-03-09T04:59:18","guid":{"rendered":"https:\/\/www.holger.ch\/?page_id=88"},"modified":"2024-03-19T04:44:07","modified_gmt":"2024-03-19T03:44:07","slug":"analog-in-2024","status":"publish","type":"page","link":"https:\/\/www.holger.ch\/index.php\/analog-in-2024\/","title":{"rendered":"analog in 2024?"},"content":{"rendered":"\n<p>2003 hat unser Umstieg auf die digitale Fotografie begonnen: mit der Canon IXUS III, mit ganzen 3.2 Megapixeln, haben wir unsere ersten Schritte gemacht, bevor 2004 die Nikon D70 erschien und wie innerhalb eines Jahres vollst\u00e4ndig auf digitale Fotografie umgestiegen sind,&nbsp; was unsere &#171;offizielle&#187; Fotografie betrifft: meine Frau fotografiert die Turniere des hiesigen Fussball-Vereins, ich alle offiziellen Gemeinde- und Kirchenanl\u00e4sse. Von Anfang an im RAW-Format, unser &#171;Labor&#187; war anfangs die Nikon-Software, sp\u00e4ter stiegen wir auf Lightroom um.<\/p>\n\n\n\n<p>Zu Beginn war digital nett, aber gegen ein gutes Mittelformatfoto immer noch chancenlos (mal abgesehen davon, dass niemand ein Fussballspiel oder einen Gemeindeanlass mit einer Rolleiflex fotografieren w\u00fcrde). Sp\u00e4testens mit Kameras wie Nikons D750 war aber auch das Thema erledigt: vor allem die Bildqualit\u00e4t bei h\u00f6heren ISO und die M\u00f6glichkeiten der Bearbeitung der RAW-Dateien bei vergleichbar geringem Aufwand war der letzte Sargnagel der analogen Fotografie.<\/p>\n\n\n\n<p>Und trotzdem entsteht ein Teil meiner Bilder immer noch analog: manche im Kleinbild (Nikon F3 und F100), das meiste aber im Mittelformat mit der Rolleiflex 3.5T oder einer gut genutzten Hasselblad 500 CM. Wozu der Aufwand, wozu die Kosten, die viele Arbeit? Was kann eine Nikon Z6 oder Z7 nicht, was ein Mittelformat kann? Geht &#171;gute alte Zeit&#187; nicht auch mit der Nikon Zf oder einer Fujifilm X100VI oder X-T5, wenn es unbedingt &#171;klassisch&#187; sein soll?<\/p>\n\n\n\n<h3 class=\"wp-block-heading\">Bildqualit\u00e4t<\/h3>\n\n\n\n<p>Geht es um Bildqualit\u00e4t, wie sie heute auf den diversen Fotografie-Seiten bewertet wird, dann kann Analog einpacken: Aufl\u00f6sung, Farbtreue, Rauschen, hohe ISO-Werte\u2026 im analogen Kleinbild kann man das knicken, hier ist schon eine A3-Vergr\u00f6sserung im Nass-Labor eine Herausforderung, ein Scan mit anschliessendem Druck bei hybrider Arbeitsweise&nbsp; mit einem guten Scannern m\u00f6glich, aber nicht wirklich das Gelbe vom Ei.<\/p>\n\n\n\n<figure class=\"wp-block-image size-large\"><img loading=\"lazy\" decoding=\"async\" width=\"1024\" height=\"1024\" src=\"https:\/\/www.holger.ch\/wp-content\/uploads\/2024\/03\/100831_Verzasca_FP4_024-1024x1024.jpg\" alt=\"Tessin, Val Verzasca. Fotografiert mit einer Rolleicord Vb auf Ilford FP4 Plus, Entwickelt in Ilfosol 3. Gescannt mit Flachbettscanner Epson V700.\" class=\"wp-image-98\" srcset=\"https:\/\/www.holger.ch\/wp-content\/uploads\/2024\/03\/100831_Verzasca_FP4_024-1024x1024.jpg 1024w, https:\/\/www.holger.ch\/wp-content\/uploads\/2024\/03\/100831_Verzasca_FP4_024-300x300.jpg 300w, https:\/\/www.holger.ch\/wp-content\/uploads\/2024\/03\/100831_Verzasca_FP4_024-150x150.jpg 150w, https:\/\/www.holger.ch\/wp-content\/uploads\/2024\/03\/100831_Verzasca_FP4_024-768x768.jpg 768w, https:\/\/www.holger.ch\/wp-content\/uploads\/2024\/03\/100831_Verzasca_FP4_024-1536x1536.jpg 1536w, https:\/\/www.holger.ch\/wp-content\/uploads\/2024\/03\/100831_Verzasca_FP4_024.jpg 2000w\" sizes=\"auto, (max-width: 1024px) 100vw, 1024px\" \/><\/figure>\n\n\n\n<p>Im Mittelformat sieht das anders aus, zumindest im Nasslabor mit klassischer Vergr\u00f6sserung sind Bilder im Meterformat problemlos machbar. Hybrid, also analog fotografiert, dann gescannt und damit digitalisiert, h\u00e4ngt es vom Scanner ab: der perfekt eingestellte Flachbettscanner macht hervorragende Ausdrucke im Format A3 m\u00f6glich, wer mehr will, der sollte einen Scan-Service mit einem der guten alten Trommelscanner bem\u00fchen.<\/p>\n\n\n\n<p>Nur: was genau ist Bildqualit\u00e4t? Ist ein Bild grunds\u00e4tzlich besser, weil es rattenscharf ist? Oder weil man kein Korn sieht, die Farben genau so aussehen wie in der wahrgenommenen Wirklichkeit?<\/p>\n\n\n\n<h3 class=\"wp-block-heading\">Dokumentation und Imagination<\/h3>\n\n\n\n<p>Eine m\u00f6glichst realit\u00e4tsnahe Abbildung, perfekte Farben bei jedem Licht, das sind die Fotos, die ich digital mache, egal ob mit der Nikon oder dem iPhone. Wobei sich niemand beschwert, wenn ich den Gr\u00fcnstich entferne, den die farbigen Kirchenfenster erzeugen, oder den Pickel, den ich Dank Lightroom in der Nachbearbeitung verschwinden lasse. Realit\u00e4t ist f\u00fcr die meisten Menschen (auch) im Bild nicht das, was wirklich ist, sondern das, was sein sollte.<\/p>\n\n\n\n<p>Fotografie ist aber nicht nur Dokumentation der Realit\u00e4t, Fotografie kann auch Imagination sein, die Vorstellung eines Bildes. Wobei Imagination ein hochtrabender Begriff ist: ein Foto ist f\u00fcr mich dann Imagination, wenn es nicht zwingend nur dokumentiert, sondern Gef\u00fchle transportiert, eine Geschichte erz\u00e4hlt, oder durch Grafik oder Geometrie gef\u00e4llt, beeindruckt und \/ oder zum Nachdenken anregt. Es ist dann Imagination, wenn man keine Verbindung zum Bild haben muss, um beeindruckt oder interessiert zu sein, egal ob positiv oder auch negativ.<\/p>\n\n\n\n<h3 class=\"wp-block-heading\">Physis (nicht Physik!) und der Dachboden<\/h3>\n\n\n\n<p>Physis: das ist ein geschwollenes Wort. Philosophisch steht es f\u00fcr das K\u00f6rperliche, im Gegensatz zum Geistigen. Digitale Fotografie ist zwar nicht viel geistiger als das analoge Gegenst\u00fcck, sie ist aber trotzdem weniger k\u00f6rperlich, weniger greifbar: ob meine Urenkel, wenn sie dereinst eine verstaubte Kiste mit meinen alten Festplatten darin auf dem Dachboden finden, jemals die Bilder werden anschauen k\u00f6nnen, die ich darauf gesichert habe, ist h\u00f6chst fraglich: nicht nur, dass die Festplatten funktionieren und \u00fcberhaupt noch Daten lesbar darauf erhalten sein m\u00fcssen, es braucht auch den Computer, der mit der USB-Schnittstelle etwas anfangen kann, die Software, die die Dateien lesen kann, und im schlimmsten Fall den RAW-Konverter, wenn ich mal wieder nur die Speicherkarte nach einer Tour gesichert habe, dann aber f\u00fcr die Bearbeitung keine Zeit mehr hatte und die Bilder danach eh nicht so wichtig und dringend waren.<\/p>\n\n\n\n<figure class=\"wp-block-image size-large\"><img loading=\"lazy\" decoding=\"async\" width=\"1024\" height=\"683\" src=\"https:\/\/www.holger.ch\/wp-content\/uploads\/2024\/03\/240301_XP2S_0028-1024x683.jpg\" alt=\"Nikon F100, auf Ilford XP2 Plus, mit Flachbettscanner Epson V700 gescannt\" class=\"wp-image-126\" srcset=\"https:\/\/www.holger.ch\/wp-content\/uploads\/2024\/03\/240301_XP2S_0028-1024x683.jpg 1024w, https:\/\/www.holger.ch\/wp-content\/uploads\/2024\/03\/240301_XP2S_0028-300x200.jpg 300w, https:\/\/www.holger.ch\/wp-content\/uploads\/2024\/03\/240301_XP2S_0028-768x512.jpg 768w, https:\/\/www.holger.ch\/wp-content\/uploads\/2024\/03\/240301_XP2S_0028-1536x1024.jpg 1536w, https:\/\/www.holger.ch\/wp-content\/uploads\/2024\/03\/240301_XP2S_0028-2048x1365.jpg 2048w\" sizes=\"auto, (max-width: 1024px) 100vw, 1024px\" \/><\/figure>\n\n\n\n<p>Die Chance, dass jemand in 50 oder mehr Jahren auch nur ein Bild zu sehen kriegt: nicht viel mehr als Null.<\/p>\n\n\n\n<p>Die Entdeckung von fotografischen wie kulturhistorischen Sch\u00e4tzen wie die Fotos von Vivian Maier (<a href=\"https:\/\/www.vivianmaier.com\/\">https:\/\/www.vivianmaier.com\/<\/a>) w\u00e4ren damit&nbsp; praktisch unm\u00f6glich: ihre Fotos, vor allem aber auch viele noch nicht entwickelte Filme, wurden 2007 auf einer Gebrauchtwaren-Versteigerung entdeckt. Die uralten Filme konnte man ganz normal entwickeln, die Negative am Leuchtpult oder vor einem hellen Licht anschauen, egal wie alt sie waren.<\/p>\n\n\n\n<p>Nat\u00fcrlich fotografieren die meisten von uns nicht f\u00fcr das Kultur-Erbe der Menschheit. Aber auch unsere Bilder werden erst \u00fcber die Zeit wertvoll: ein Foto der gestrigen Geburtstagsparty ist niedlich, aber nicht wirklich interessant. Interessant wird es aber in 20, 30 oder 50 Jahren sein: wenn man die damalige Kleidung sieht, das Wohnzimmer, das heute ganz anders aussieht (oder nicht mehr existiert), die Oma, die damals noch eine junge Frau war, oder auch man selber, als man noch schwarze Haare (oder \u00fcberhaupt Haare) hatte.<\/p>\n\n\n\n<p>Die meisten Eltern, die ich kenne, haben tausende von Fotos ihrer Kinder, der Einschulung, der wichtigen Momente ihres Lebens auf dem Smartphone. Cloud hin oder her: wie viele dieser Bilder werden noch abrufbar sein, wenn diese Eltern einmal Grosseltern sind, wenn die heute kleinen Kinder selber einmal Eltern oder Grosseltern sein werden? Wer nicht hin und wieder ein Fotobuch daraus macht, Bilder ausdruckt, der sollte davon ausgehen, dass die Nachwelt nicht sehr viele Erinnerungen haben wird an die heutige Zeit, an uns.<\/p>\n\n\n\n<h3 class=\"wp-block-heading\">Zur\u00fcck zum Film?<\/h3>\n\n\n\n<p>Das bedeutet nun nicht, dass ich mein Smartphone nur noch zum Telefonieren nutze, die Z6 verkaufe und nur noch mit Film arbeite. Nat\u00fcrlich hat die digitale Fotografie so viele Vorteile, dass auch ich weiterhin den grossen Teil der Bilder digital machen werde.<\/p>\n\n\n\n<figure class=\"wp-block-image size-large\"><img loading=\"lazy\" decoding=\"async\" width=\"1024\" height=\"1024\" src=\"https:\/\/www.holger.ch\/wp-content\/uploads\/2024\/03\/Hasselblad__-011-1024x1024.jpg\" alt=\"\" class=\"wp-image-146\" srcset=\"https:\/\/www.holger.ch\/wp-content\/uploads\/2024\/03\/Hasselblad__-011-1024x1024.jpg 1024w, https:\/\/www.holger.ch\/wp-content\/uploads\/2024\/03\/Hasselblad__-011-300x300.jpg 300w, https:\/\/www.holger.ch\/wp-content\/uploads\/2024\/03\/Hasselblad__-011-150x150.jpg 150w, https:\/\/www.holger.ch\/wp-content\/uploads\/2024\/03\/Hasselblad__-011-768x768.jpg 768w, https:\/\/www.holger.ch\/wp-content\/uploads\/2024\/03\/Hasselblad__-011-1536x1536.jpg 1536w, https:\/\/www.holger.ch\/wp-content\/uploads\/2024\/03\/Hasselblad__-011-2048x2048.jpg 2048w\" sizes=\"auto, (max-width: 1024px) 100vw, 1024px\" \/><\/figure>\n\n\n\n<p><\/p>\n\n\n\n<p>Meine &#171;Erweckung&#187; hatte ich aber beim Aufr\u00e4umen meines Foto-Schrankes: pl\u00f6tzlich hatte ich die alten Kassetten mit den Negativen in der Hand, bin dann aus Neugier einmal die \u00e4lteren Bl\u00e4tter durchgegangen und habe dabei eine ganze Reihe Bilder und Filme von vor 20 und mehr Jahren gesehen, die ich nur entwickelt, aber nie gescannt oder vergr\u00f6ssert hatte. Damals schienen sie mir wohl nicht wichtig oder dringend genug, heute entdecke ich auf den Bildern jedoch Orte und Menschen, die ich fast vergessen h\u00e4tte, die mir heute aber sch\u00f6ne Erinnerungen zur\u00fcckbringen,<\/p>\n\n\n\n<h3 class=\"wp-block-heading\">Themen<\/h3>\n\n\n\n<p>Die meisten meiner analogen Kameras habe ich behalten, als absehbar wurde, dass es praktisch keine neuen analogen Kameras mehr am Markt geben w\u00fcrde. Ich benutze sie selten, aber wenn, dann vor allem f\u00fcr spezifische Themen: Portraits, Landschaft, Street \/ Reise. Das sind f\u00fcr mich dann &#171;Analog-Sessions&#187;, keine Dokumentation eines Anlasses, sondern Fotos, die ich mir in ein Album klebe oder an die Wand h\u00e4nge, wenn sie besonders gut ausfallen.<\/p>\n\n\n\n<h3 class=\"wp-block-heading\">Entwickeln?<\/h3>\n\n\n\n<p>Anders als im digitalen Leben gibt es keine jpg-Option, mit der die Bilder fixfertig aus der Filmdose herausfallen (von Polaroid mal abgesehen). Mit Film fotografieren wir daher immer im RAW-Format, mit dem Unterschied, dass der RAW-Converter in unserem Fall fl\u00fcssig ist: Entwickler, Stopp-Bad, Fixierer, und jede Menge Wasser.<\/p>\n\n\n\n<p>Ob man dann auch noch analog vergr\u00f6ssert, oder ob das Ergebnis der Entwicklung hybrid via Scanner doch noch auf der Festplatte landet, das ist mehr Geschmackssache und auch von den r\u00e4umlichen M\u00f6glichkeiten abh\u00e4ngig. Aus meiner Sicht ist das Negativ der zentrale Punkt der analogen Fotografie: aus ihm kann man per&nbsp; Kontaktkopie sogar ohne Vergr\u00f6sserer ein Bild zaubern, man kann es scannen, man kann es einfach nur auf dem Leuchtpult oder gegen ein helles Licht anschauen und weiss ohne jeden Computer, was darauf zu sehen ist.<\/p>\n\n\n\n<h3 class=\"wp-block-heading\">Analog ist nicht tot, auch wenn es komisch riecht<\/h3>\n\n\n\n<p>Nat\u00fcrlich muss man ein bisschen eine Freude haben an der analogen Fotografie, an den Beschr\u00e4nkungen, aber auch an der Faszination, die das analoge Bild, das Negativ, die Einschr\u00e4nkung auf sehr rudiment\u00e4re Abl\u00e4ufe mit sich bringen. Eine einfache Alternative zur digitalen Fotografie ist es nicht, eher ein Handwerk, wie es die Malerei schon immer war. Mit ihr hat die analoge Fotografie vor allem eines gemeinsam: es ist noch kein Meister vom Himmel gefallen, aller Anfang ist schwer, und die Lernkurve ist lang, steil und nicht ganz billig. Kein k\u00fcnstliche Intelligenz verbessert das Ergebnis, kein Automat nimmt uns die Entscheidung f\u00fcr die richtige Kombination aus Film, Entwickler, Verd\u00fcnnung, Zeit, Bewegung und so weiter ab.<\/p>\n\n\n\n<p>Andererseits: wenn es einfach w\u00e4r, k\u00f6nnt&#8217;s jeder, und wenn wir uns ein Grundwissen erarbeitet haben, dann kann uns das auch keiner mehr wegnehmen. Denn anders als im Digitalen, wo tausende von Spezialisten eine Technik entwickelt haben, die wir in weiten Teilen bestenfalls verstehen, aber nie selber umsetzen k\u00f6nnten, vom Aufbau eines BSI-Sensors bis zur Software f\u00fcr die Bildbearbeitung, kann man analog, wenn man sich das antun m\u00f6chte, praktisch vom Anfang bis zum Ende selbst machen: von der lichtempfindlichen Glasplatte bis zur Chemie aus Kaffee und ein paar Grundzutaten, die man in jeder Apotheken kaufen kann. Selbst die Kamera l\u00e4sst sich selber bauen: eine 4&#215;5&#8243; Fachkamera war die Maturarbeit meines Sohnes, bis auf Objektiv, Balgen und Filmhalter vollst\u00e4ndig selbst gebaut. Die Fotos dieser einfachen, aber in alle Richtungen verstellbare Kamera auf den riesigen Negativen schlagen jede Digitalkamera. Aber: das alles ist mit Arbeit verbunden, mit M\u00fchsal, aber auch mit sehr viel Spass. <\/p>\n\n\n\n<p>Ich m\u00f6chte jeder und jedem, der Freude am Handwerk, an der direkten Beeinflussung des Ergebnisses durch die eigene Arbeit, die eigenen Entscheidungen hat, der nicht immer alles nur der Software \u00fcberlassen will, die andere geschrieben haben, ermutigen, sich eine gebrauchte Kamera, ein paar Rollen Film zu leisten und einfach einmal zu beginnen.<\/p>\n\n\n\n<p>Es muss nicht gleich der komplette Prozess und das Mittel- oder Grossformat sein: ein Farbfilm oder ein chromogener s\/w-Film (also ein Schwarzweiss-Film, der aber als Farbfilm entwickelt wird) wie Ilfords XP2-Super erm\u00f6glichen die Arbeit mit der Kamera, ohne sich um die Entwicklung k\u00fcmmern zu m\u00fcssen. Nach ersten Erfahrungen kann man immer noch mit &#171;echten&#187; Schwarzweiss-Filmen beginnen, mit g\u00fcnstigen, flexiblen Filmen, die gutm\u00fctig auf Fehlbelichtungen reagieren, bevor man auf teures Material umsteigt, mit besonderen Eigenschaften, wo meist aber auch eine gewisse Konsistenz von der Belichtung bis zur Entwicklung erforderlich ist. Wie gesagt: \u00dcbung macht den Meister, aber wer das anf\u00e4ngliche Tal der Tr\u00e4nen erfolgreich durchquert hat, dem er\u00f6ffnet sich eine interessante und sch\u00f6ne Welt, die nicht mehr viele Menschen beherrschen, die aber allen Freude macht, wenn sie die Ergebnisse als dauerhafte Erinnerung mit in ihr Leben nehmen d\u00fcrfen.<\/p>\n\n\n\n<h3 class=\"wp-block-heading\">Analog in 2024<\/h3>\n\n\n\n<p>Analog ist nicht tot, im Gegenteil, es w\u00e4chst und gedeiht. Sicherlich auf einem sehr viel tieferen Niveau als Ende der 90er Jahre des vorigen Jahrhunderts, aber mit immer mehr kleinen Anbietern, die immer mehr interessante Technik liefern. Insofern wird die analoge Fotografie uns auch weiter begleiten: als Kunstform, f\u00fcr besondere Erinnerungen, oder aus Freude an der Technik. Zwar gibt es ausser bei Leica keine neuen Kameras f\u00fcr das Kleinbild und Mittelformat mehr, aber es gibt einen immer noch sehr grossen Gebrauchtmarkt, und es gibt f\u00fcr alle, die es noch spezieller brauchen, immer noch Grossformatkameras, die man sich notfalls selber bauen kann, die aber auch noch neu produziert werden. Und das sogar im bezahlbaren Bereich.<\/p>\n\n\n\n<p>Holger \/ 14.03.2024<\/p>\n","protected":false},"excerpt":{"rendered":"<p>2003 hat unser Umstieg auf die digitale Fotografie begonnen: mit der Canon IXUS III, mit ganzen 3.2 Megapixeln, haben wir unsere ersten Schritte gemacht, bevor 2004 die Nikon D70 erschien und wie innerhalb eines Jahres vollst\u00e4ndig auf digitale Fotografie umgestiegen sind,&nbsp; was unsere &#171;offizielle&#187; Fotografie betrifft: meine Frau fotografiert die Turniere des hiesigen Fussball-Vereins, ich [&hellip;]<\/p>\n","protected":false},"author":1,"featured_media":90,"parent":0,"menu_order":1,"comment_status":"open","ping_status":"closed","template":"","meta":{"footnotes":""},"class_list":["post-88","page","type-page","status-publish","has-post-thumbnail","hentry"],"_links":{"self":[{"href":"https:\/\/www.holger.ch\/index.php\/wp-json\/wp\/v2\/pages\/88","targetHints":{"allow":["GET"]}}],"collection":[{"href":"https:\/\/www.holger.ch\/index.php\/wp-json\/wp\/v2\/pages"}],"about":[{"href":"https:\/\/www.holger.ch\/index.php\/wp-json\/wp\/v2\/types\/page"}],"author":[{"embeddable":true,"href":"https:\/\/www.holger.ch\/index.php\/wp-json\/wp\/v2\/users\/1"}],"replies":[{"embeddable":true,"href":"https:\/\/www.holger.ch\/index.php\/wp-json\/wp\/v2\/comments?post=88"}],"version-history":[{"count":11,"href":"https:\/\/www.holger.ch\/index.php\/wp-json\/wp\/v2\/pages\/88\/revisions"}],"predecessor-version":[{"id":147,"href":"https:\/\/www.holger.ch\/index.php\/wp-json\/wp\/v2\/pages\/88\/revisions\/147"}],"wp:featuredmedia":[{"embeddable":true,"href":"https:\/\/www.holger.ch\/index.php\/wp-json\/wp\/v2\/media\/90"}],"wp:attachment":[{"href":"https:\/\/www.holger.ch\/index.php\/wp-json\/wp\/v2\/media?parent=88"}],"curies":[{"name":"wp","href":"https:\/\/api.w.org\/{rel}","templated":true}]}}