{"id":120,"date":"2024-03-10T22:41:53","date_gmt":"2024-03-10T21:41:53","guid":{"rendered":"https:\/\/www.holger.ch\/?page_id=120"},"modified":"2024-03-14T05:30:24","modified_gmt":"2024-03-14T04:30:24","slug":"holger","status":"publish","type":"page","link":"https:\/\/www.holger.ch\/index.php\/holger\/","title":{"rendered":"Holger"},"content":{"rendered":"\n<p>Die Vorl\u00e4ufer dieser Seiten sind Ende der 90er Jahre einmal aus einem einfachen Grund entstanden: ich wollte wissen, wie man eine Homepage erstellt. Das Web gab es da erst seit ein paar Jahren, vorher war ich noch auf Compuserve unterwegs, dann auf AOL Online, und dann endlich kam das www, das weltweite Netz.<\/p>\n\n\n\n<p>Ich kaufte mir das kleine gelbe Buch &#171;html for dummies&#187;, dann suchte ich mir ein Thema. Fotografie ist seit meiner Kindheit meine Freizeit-Besch\u00e4ftigung, sie begleitet mich, seit mir mein Vater im zarten Alter von 6 Jahren eine Kodak-Kamera schenkte, die mit 127er-Film und Fixfocus-Objektiv meine Welt festhielt.<\/p>\n\n\n\n<p>Ich bin nie ein wirklich guter Fotograf geworden, dazu war ich wohl zu sehr Ingenieur. Mich interessierte die Technik oft mehr als das Bild, die Kamera mehr als der Film. Mir kam dann aber eine zweite Entwicklung des Webs entgegen: ebenfalls Ende der 90er wurde eBay popul\u00e4r. Eine Welt tat sich auf, Fotoliebhaber aus aller Welt kauften und verkauften ihre Kameras, Objektive und Zubeh\u00f6r untereinander. F\u00fcr relativ kleines Geld hatte ich pl\u00f6tzlich Zugang zu Technik, die fr\u00fcher f\u00fcr einen Studenten oder jungen Familienvater unbezahlbar war (zumal es in den ersten Jahren auf eBay noch praktisch keine kommerziellen H\u00e4ndler gab, anfangs war das noch eine weitgehend private Handelsplattform). <\/p>\n\n\n\n<p>Ich wurde am 1. April 1999 Mitglied bei eBay, kaufte und verkaufte alle m\u00f6glichen Kameras und Objektive, probierte vieles aus, hielt meine Gedanken fest, und so ergab sich das Thema meiner ersten Gehversuche mit HTML und dem Web ganz von alleine: Fotografie.<\/p>\n\n\n\n<p>Die alten Seiten, die ersten Berichte, fast alles davon ist mittlerweile in den Abgr\u00fcnden des Web verschwunden. Ich habe immer wieder mal das System gewechselt, von reinem HTML, mit dem Editor von Hand geschrieben, vollkommen frei von Hilfsmitteln, bis zur heutigen Version auf WordPress, mit vorgefertigten Themen und wunderbaren Tools. <\/p>\n\n\n\n<p>In diesen \u00fcber 25 Jahren hat sich die Fotografie vollst\u00e4ndig ver\u00e4ndert: von der rein analogen Welt ist ausser ein paar k\u00fcmmerlichen Resten nichts geblieben, die digitale Fotografie erm\u00f6glicht Bilder, die vor 20 Jahren undenkbar waren. Trotzdem habe ich nach vielen Jahren der digitalen Fotografie, der immer mehr Megapixel und RAW-Dateien, auch die Liebe zur analogen Fotografie wieder entdeckt, zum Negativ, zum Bild, das nicht perfekt, aber daf\u00fcr charakteristisch ist. Heute bin ich in beiden Welten daheim, ich bin nach wie vor mehr Ingenieur als Fotograf, und geblieben ist mir auch die Freude am Schreiben.<\/p>\n\n\n\n<p>holger.ch ist nicht kommerziell, ich habe nichts von dieser Arbeit ausser der Freude, die mir das Schreiben wie das Fotografieren bedeuten und das Vergn\u00fcgen, immer wieder mit Menschen in Kontakt zu kommen, die irgendwo auf unserem wundersch\u00f6nen blauen Planeten \u00e4hnlichen Interessen folgen, die mein Leben bereichern und oft einen weit \u00fcber die Fotografie hinausgehenden Austausch erm\u00f6glicht haben.<\/p>\n\n\n\n<p>Lieber Leser, wenn es etwas zu kritisieren gibt, schick mir einfach ein E-Mail, und wenn Du Fragen hast, genauso. Und wenn ich Dir mit diesen Seiten etwas Freude bereiten konnte, dann erst recht \ud83d\ude42<\/p>\n\n\n\n<p>Besten Dank f\u00fcrs Lesen und eine wunderbare Zeit w\u00fcnscht<\/p>\n\n\n\n<p>Holger Wahl<\/p>\n","protected":false},"excerpt":{"rendered":"<p>Die Vorl\u00e4ufer dieser Seiten sind Ende der 90er Jahre einmal aus einem einfachen Grund entstanden: ich wollte wissen, wie man eine Homepage erstellt. Das Web gab es da erst seit ein paar Jahren, vorher war ich noch auf Compuserve unterwegs, dann auf AOL Online, und dann endlich kam das www, das weltweite Netz. Ich kaufte [&hellip;]<\/p>\n","protected":false},"author":1,"featured_media":97,"parent":0,"menu_order":0,"comment_status":"closed","ping_status":"closed","template":"","meta":{"footnotes":""},"class_list":["post-120","page","type-page","status-publish","has-post-thumbnail","hentry"],"_links":{"self":[{"href":"https:\/\/www.holger.ch\/index.php\/wp-json\/wp\/v2\/pages\/120","targetHints":{"allow":["GET"]}}],"collection":[{"href":"https:\/\/www.holger.ch\/index.php\/wp-json\/wp\/v2\/pages"}],"about":[{"href":"https:\/\/www.holger.ch\/index.php\/wp-json\/wp\/v2\/types\/page"}],"author":[{"embeddable":true,"href":"https:\/\/www.holger.ch\/index.php\/wp-json\/wp\/v2\/users\/1"}],"replies":[{"embeddable":true,"href":"https:\/\/www.holger.ch\/index.php\/wp-json\/wp\/v2\/comments?post=120"}],"version-history":[{"count":5,"href":"https:\/\/www.holger.ch\/index.php\/wp-json\/wp\/v2\/pages\/120\/revisions"}],"predecessor-version":[{"id":133,"href":"https:\/\/www.holger.ch\/index.php\/wp-json\/wp\/v2\/pages\/120\/revisions\/133"}],"wp:featuredmedia":[{"embeddable":true,"href":"https:\/\/www.holger.ch\/index.php\/wp-json\/wp\/v2\/media\/97"}],"wp:attachment":[{"href":"https:\/\/www.holger.ch\/index.php\/wp-json\/wp\/v2\/media?parent=120"}],"curies":[{"name":"wp","href":"https:\/\/api.w.org\/{rel}","templated":true}]}}