{"id":115,"date":"2024-03-10T19:39:35","date_gmt":"2024-03-10T18:39:35","guid":{"rendered":"https:\/\/www.holger.ch\/?page_id=115"},"modified":"2024-03-14T05:33:13","modified_gmt":"2024-03-14T04:33:13","slug":"impressum-und-datenschutz","status":"publish","type":"page","link":"https:\/\/www.holger.ch\/index.php\/impressum-und-datenschutz\/","title":{"rendered":"Kontakt, Impressum und Datenschutz"},"content":{"rendered":"\n<p>Dies ist eine private Seite ohne kommerzielle Interessen und ohne Werbung. Produkte, \u00fcber die ich berichte, habe ich von meinem eigenen Geld gekauft. Ich werde von niemandem f\u00fcr diese Texte, die Nennung von Namen oder Produkten bezahlt. Es gibt keine Links, \u00fcber die man etwas kaufen kann, woran ich etwas verdienen w\u00fcrde.<\/p>\n\n\n\n<p>Verantwortlich f\u00fcr den Inhalt dieser Seite:<\/p>\n\n\n\n<p>Holger Wahl<br>Sch\u00f6ne Fluh 29<br>CH-4244 R\u00f6schenz BL<\/p>\n\n\n\n<p>E-Mail wahl@holger.ch<br>Tel. +41 79 257 40 28<\/p>\n\n\n\n<p>Alle Fotos, Grafiken, Bilder etc. stammen entweder von mir selbst (wenn nichts weiter angegeben ist), oder sie sind erworben oder \u00fcberlassen, in diesem Fall ist dies bei den Bildern vermerkt. Personen, die abgebildet sein k\u00f6nnen, haben mir ihr Einverst\u00e4ndnis dazu gegeben. Selbstverst\u00e4ndlich kann dieses Einverst\u00e4ndnis zu jedem Zeitpunkt widerrufen werden, in dem Fall bitte ich um eine kurze Nachricht, die entsprechenden Eintr\u00e4ge werden so schnell wie m\u00f6glich gel\u00f6scht, in der Regel innerhalb des selben Tages.<\/p>\n\n\n\n<p>F\u00fcr Links auf andere Seiten \u00fcbernehme ich keine Verantwortung: ich pr\u00fcfe sie zum Zeitpunkt der Verlinkung, sie k\u00f6nnen jedoch vom jeweiligen Betreiber jederzeit ge\u00e4ndert werden. F\u00fcr die Verlinkung externer Seite entstehen mir keine Vorteile, die Verlinkung erfolgt alleine auf Grund thematischer Zusammenh\u00e4nge oder Verweise auf externe Quellen.<\/p>\n\n\n\n<p>Daten wie der Name des Nutzers und die E-Mail-Adresse, die \u00fcber einen Kommentar erfasst werden, werden nur zur Pr\u00fcfung und Freischaltung des Kommentars und etwaiger R\u00fcckfragen verwendet. Sie bleiben bis zur allf\u00e4lligen L\u00f6schung des Kommentars gespeichert, da der Verfasser f\u00fcr den Inhalt des Kommentars verantwortlich ist  Es werden keine pers\u00f6nlichen Daten erhoben, ausgewertet oder weitergegeben.<\/p>\n\n\n\n<p>Im Fall einer Kontaktanfrage werden die Daten der anfragenden Person nur f\u00fcr die Beantwortung der Anfrage verwendet, es erfolgt keine weitere Verwendung, Auswertung oder Weitergabe.<\/p>\n","protected":false},"excerpt":{"rendered":"<p>Dies ist eine private Seite ohne kommerzielle Interessen und ohne Werbung. Produkte, \u00fcber die ich berichte, habe ich von meinem eigenen Geld gekauft. Ich werde von niemandem f\u00fcr diese Texte, die Nennung von Namen oder Produkten bezahlt. Es gibt keine Links, \u00fcber die man etwas kaufen kann, woran ich etwas verdienen w\u00fcrde. Verantwortlich f\u00fcr den [&hellip;]<\/p>\n","protected":false},"author":1,"featured_media":105,"parent":0,"menu_order":0,"comment_status":"closed","ping_status":"closed","template":"","meta":{"footnotes":""},"class_list":["post-115","page","type-page","status-publish","has-post-thumbnail","hentry"],"_links":{"self":[{"href":"https:\/\/www.holger.ch\/index.php\/wp-json\/wp\/v2\/pages\/115","targetHints":{"allow":["GET"]}}],"collection":[{"href":"https:\/\/www.holger.ch\/index.php\/wp-json\/wp\/v2\/pages"}],"about":[{"href":"https:\/\/www.holger.ch\/index.php\/wp-json\/wp\/v2\/types\/page"}],"author":[{"embeddable":true,"href":"https:\/\/www.holger.ch\/index.php\/wp-json\/wp\/v2\/users\/1"}],"replies":[{"embeddable":true,"href":"https:\/\/www.holger.ch\/index.php\/wp-json\/wp\/v2\/comments?post=115"}],"version-history":[{"count":4,"href":"https:\/\/www.holger.ch\/index.php\/wp-json\/wp\/v2\/pages\/115\/revisions"}],"predecessor-version":[{"id":136,"href":"https:\/\/www.holger.ch\/index.php\/wp-json\/wp\/v2\/pages\/115\/revisions\/136"}],"wp:featuredmedia":[{"embeddable":true,"href":"https:\/\/www.holger.ch\/index.php\/wp-json\/wp\/v2\/media\/105"}],"wp:attachment":[{"href":"https:\/\/www.holger.ch\/index.php\/wp-json\/wp\/v2\/media?parent=115"}],"curies":[{"name":"wp","href":"https:\/\/api.w.org\/{rel}","templated":true}]}}